{"id":414,"date":"2023-06-11T16:27:55","date_gmt":"2023-06-11T14:27:55","guid":{"rendered":"https:\/\/www.cleanart.cz\/?page_id=414"},"modified":"2023-06-11T16:56:18","modified_gmt":"2023-06-11T14:56:18","slug":"zajem","status":"publish","type":"page","link":"https:\/\/www.cleanart.cz\/index.php\/zajem\/","title":{"rendered":"Elementor #414"},"content":{"rendered":"\t\t<div data-elementor-type=\"wp-page\" data-elementor-id=\"414\" class=\"elementor elementor-414\">\n\t\t\t\t\t\t\t\t\t<section data-particle_enable=\"false\" data-particle-mobile-disabled=\"false\" data-exad-particle-enable=\"false\" class=\"elementor-section elementor-top-section elementor-element elementor-element-7af05438 elementor-section-boxed elementor-section-height-default elementor-section-height-default exad-parallax-effect-no exad-background-color-change-no exad-glass-effect-no exad-sticky-section-no\" data-id=\"7af05438\" data-element_type=\"section\" data-settings=\"{&quot;background_background&quot;:&quot;video&quot;}\">\n\t\t\t\t\t\t<div class=\"elementor-container elementor-column-gap-default\">\n\t\t\t\t\t<div class=\"elementor-column elementor-col-50 elementor-top-column elementor-element elementor-element-10dcb4c7 exad-glass-effect-no exad-sticky-section-no\" data-id=\"10dcb4c7\" data-element_type=\"column\" data-settings=\"{&quot;background_background&quot;:&quot;slideshow&quot;,&quot;background_slideshow_gallery&quot;:[{&quot;id&quot;:352,&quot;url&quot;:&quot;https:\\\/\\\/www.cleanart.cz\\\/wp-content\\\/uploads\\\/2023\\\/05\\\/side-view-woman-cleaning-fridge-scaled.jpg&quot;},{&quot;id&quot;:337,&quot;url&quot;:&quot;https:\\\/\\\/www.cleanart.cz\\\/wp-content\\\/uploads\\\/2023\\\/05\\\/workman-applying-road-sweeper-construction-site-scaled.jpg&quot;},{&quot;id&quot;:336,&quot;url&quot;:&quot;https:\\\/\\\/www.cleanart.cz\\\/wp-content\\\/uploads\\\/2023\\\/05\\\/laser-stock.png&quot;},{&quot;id&quot;:359,&quot;url&quot;:&quot;https:\\\/\\\/www.cleanart.cz\\\/wp-content\\\/uploads\\\/2023\\\/05\\\/pexels-pixabay-162564-scaled.jpg&quot;},{&quot;id&quot;:360,&quot;url&quot;:&quot;https:\\\/\\\/www.cleanart.cz\\\/wp-content\\\/uploads\\\/2023\\\/05\\\/pexels-ellie-burgin-3177257-scaled.jpg&quot;},{&quot;id&quot;:355,&quot;url&quot;:&quot;https:\\\/\\\/www.cleanart.cz\\\/wp-content\\\/uploads\\\/2023\\\/05\\\/pexels-matilda-wormwood-4099260-scaled.jpg&quot;}],&quot;background_slideshow_slide_duration&quot;:2500,&quot;background_slideshow_loop&quot;:&quot;yes&quot;,&quot;background_slideshow_slide_transition&quot;:&quot;fade&quot;,&quot;background_slideshow_transition_duration&quot;:500}\">\n\t\t\t<div class=\"elementor-widget-wrap\">\n\t\t\t\t\t\t\t\t\t<\/div>\n\t\t<\/div>\n\t\t\t\t<div class=\"elementor-column elementor-col-50 elementor-top-column elementor-element elementor-element-2c38abc5 exad-glass-effect-no exad-sticky-section-no\" data-id=\"2c38abc5\" data-element_type=\"column\">\n\t\t\t<div class=\"elementor-widget-wrap elementor-element-populated\">\n\t\t\t\t\t\t\t\t<div class=\"elementor-element elementor-element-c641c23 eael-wpforms-labels-yes eael-wpforms-form-button-custom exad-sticky-section-no exad-glass-effect-no elementor-widget elementor-widget-eael-wpforms\" data-id=\"c641c23\" data-element_type=\"widget\" data-widget_type=\"eael-wpforms.default\">\n\t\t\t\t<div class=\"elementor-widget-container\">\n\t\t\t            <div class=\"eael-contact-form eael-wpforms eael-contact-form-align-default\">\n                                <div class=\"wpforms-container wpforms-render-modern\" id=\"wpforms-418\"><form id=\"wpforms-form-418\" class=\"wpforms-validate wpforms-form wpforms-ajax-form\" data-formid=\"418\" method=\"post\" enctype=\"multipart\/form-data\" action=\"\/index.php\/wp-json\/wp\/v2\/pages\/414\" data-token=\"9382a0697013d80e970670cf439a4289\"><div class=\"wpforms-head-container\"><div class=\"wpforms-title\">M\u00e1m z\u00e1jem<\/div><div class=\"wpforms-description\">Pokud m\u00e1te z\u00e1jem o na\u0161e slu\u017eby, tak pros\u00edm vypl\u0148te n\u00e1sleduj\u00edc\u00ed formul\u00e1\u0159 a my se V\u00e1m co nejd\u0159\u00edve ozveme.<\/div><\/div><noscript class=\"wpforms-error-noscript\">Chcete-li vyplnit tento formul\u00e1\u0159, pros\u00edm povolte v prohl\u00ed\u017ee\u010di JavaScript.<\/noscript><div class=\"wpforms-hidden\" id=\"wpforms-error-noscript\">Chcete-li vyplnit tento formul\u00e1\u0159, pros\u00edm povolte v prohl\u00ed\u017ee\u010di JavaScript.<\/div><div class=\"wpforms-field-container\"><div id=\"wpforms-418-field_0-container\" class=\"wpforms-field wpforms-field-name\" data-field-id=\"0\"><fieldset><legend class=\"wpforms-field-label\">Jm\u00e9no <span class=\"wpforms-required-label\" aria-hidden=\"true\">*<\/span><\/legend><div class=\"wpforms-field-row wpforms-field-medium\"><div class=\"wpforms-field-row-block wpforms-first wpforms-one-half\"><input type=\"text\" id=\"wpforms-418-field_0\" class=\"wpforms-field-name-first wpforms-field-required\" name=\"wpforms[fields][0][first]\" aria-errormessage=\"wpforms-418-field_0-error\" required><label for=\"wpforms-418-field_0\" class=\"wpforms-field-sublabel after \">K\u0159estn\u00ed jm\u00e9no<\/label><\/div><div class=\"wpforms-field-row-block wpforms-one-half\"><input type=\"text\" id=\"wpforms-418-field_0-last\" class=\"wpforms-field-name-last wpforms-field-required\" name=\"wpforms[fields][0][last]\" aria-errormessage=\"wpforms-418-field_0-last-error\" required><label for=\"wpforms-418-field_0-last\" class=\"wpforms-field-sublabel after \">P\u0159\u00edjmen\u00ed<\/label><\/div><\/div><\/fieldset><\/div><div id=\"wpforms-418-field_4-container\" class=\"wpforms-field wpforms-field-text\" data-field-id=\"4\"><label class=\"wpforms-field-label\" for=\"wpforms-418-field_4\">Va\u0161e telefon\u00ed \u010d\u00edslo <span class=\"wpforms-required-label\" aria-hidden=\"true\">*<\/span><\/label><input type=\"text\" id=\"wpforms-418-field_4\" class=\"wpforms-field-medium wpforms-field-required\" name=\"wpforms[fields][4]\" aria-errormessage=\"wpforms-418-field_4-error\" required><\/div><div id=\"wpforms-418-field_3-container\" class=\"wpforms-field wpforms-field-checkbox\" data-field-id=\"3\"><fieldset><legend class=\"wpforms-field-label\">M\u00e1m z\u00e1jem o<\/legend><ul id=\"wpforms-418-field_3\"><li class=\"choice-1 depth-1\"><input type=\"checkbox\" id=\"wpforms-418-field_3_1\" name=\"wpforms[fields][3][]\" value=\"Pravideln\u00fd \u00faklid\" aria-errormessage=\"wpforms-418-field_3_1-error\"  ><label class=\"wpforms-field-label-inline\" for=\"wpforms-418-field_3_1\">Pravideln\u00fd \u00faklid<\/label><\/li><li class=\"choice-2 depth-1\"><input type=\"checkbox\" id=\"wpforms-418-field_3_2\" name=\"wpforms[fields][3][]\" value=\"Pr\u016fmyslov\u00e9 \u010di\u0161t\u011bn\u00ed\" aria-errormessage=\"wpforms-418-field_3_2-error\"  ><label class=\"wpforms-field-label-inline\" for=\"wpforms-418-field_3_2\">Pr\u016fmyslov\u00e9 \u010di\u0161t\u011bn\u00ed<\/label><\/li><li class=\"choice-3 depth-1\"><input type=\"checkbox\" id=\"wpforms-418-field_3_3\" name=\"wpforms[fields][3][]\" value=\"Speci\u00e1ln\u00ed pr\u00e1ce a jednor\u00e1zov\u00fd \u00faklid\" aria-errormessage=\"wpforms-418-field_3_3-error\"  ><label class=\"wpforms-field-label-inline\" for=\"wpforms-418-field_3_3\">Speci\u00e1ln\u00ed pr\u00e1ce a jednor\u00e1zov\u00fd \u00faklid<\/label><\/li><li class=\"choice-4 depth-1\"><input type=\"checkbox\" id=\"wpforms-418-field_3_4\" name=\"wpforms[fields][3][]\" value=\"Podpora v\u00fdroby pr\u016fmyslov\u00fdch firem\" aria-errormessage=\"wpforms-418-field_3_4-error\"  ><label class=\"wpforms-field-label-inline\" for=\"wpforms-418-field_3_4\">Podpora v\u00fdroby pr\u016fmyslov\u00fdch firem<\/label><\/li><li class=\"choice-5 depth-1\"><input type=\"checkbox\" id=\"wpforms-418-field_3_5\" name=\"wpforms[fields][3][]\" value=\"\u00dadr\u017eba venkovn\u00edch ploch\" aria-errormessage=\"wpforms-418-field_3_5-error\"  ><label class=\"wpforms-field-label-inline\" for=\"wpforms-418-field_3_5\">\u00dadr\u017eba venkovn\u00edch ploch<\/label><\/li><li class=\"choice-6 depth-1\"><input type=\"checkbox\" id=\"wpforms-418-field_3_6\" name=\"wpforms[fields][3][]\" value=\"Hygienick\u00fd materi\u00e1l\" aria-errormessage=\"wpforms-418-field_3_6-error\"  ><label class=\"wpforms-field-label-inline\" for=\"wpforms-418-field_3_6\">Hygienick\u00fd materi\u00e1l<\/label><\/li><\/ul><\/fieldset><\/div><div id=\"wpforms-418-field_1-container\" class=\"wpforms-field wpforms-field-email\" data-field-id=\"1\"><label class=\"wpforms-field-label\" for=\"wpforms-418-field_1\">E-mail <span class=\"wpforms-required-label\" aria-hidden=\"true\">*<\/span><\/label><input type=\"email\" id=\"wpforms-418-field_1\" class=\"wpforms-field-medium wpforms-field-required\" name=\"wpforms[fields][1]\" spellcheck=\"false\" aria-errormessage=\"wpforms-418-field_1-error\" required><\/div><div id=\"wpforms-418-field_2-container\" class=\"wpforms-field wpforms-field-textarea\" data-field-id=\"2\"><label class=\"wpforms-field-label\" for=\"wpforms-418-field_2\">Zpr\u00e1va<\/label><textarea id=\"wpforms-418-field_2\" class=\"wpforms-field-medium\" name=\"wpforms[fields][2]\" aria-errormessage=\"wpforms-418-field_2-error\" ><\/textarea><\/div><\/div><!-- .wpforms-field-container --><div class=\"wpforms-submit-container\" ><input type=\"hidden\" name=\"wpforms[id]\" value=\"418\"><input type=\"hidden\" name=\"wpforms[author]\" value=\"1\"><button type=\"submit\" name=\"wpforms[submit]\" id=\"wpforms-submit-418\" class=\"wpforms-submit\" data-alt-text=\"Odes\u00edl\u00e1ni...\" data-submit-text=\"Odeslat\" aria-live=\"assertive\" value=\"wpforms-submit\">Odeslat<\/button><img loading=\"lazy\" decoding=\"async\" src=\"https:\/\/www.cleanart.cz\/wp-content\/plugins\/wpforms-lite\/assets\/images\/submit-spin.svg\" class=\"wpforms-submit-spinner\" style=\"display: none;\" width=\"26\" height=\"26\" alt=\"Na\u010d\u00edt\u00e1n\u00ed\"><\/div><\/form><\/div>  <!-- .wpforms-container -->            <\/div>\n\t\t<\/div>\n\t\t\t\t<\/div>\n\t\t\t\t\t<\/div>\n\t\t<\/div>\n\t\t\t\t\t\t\t<\/div>\n\t\t<\/section>\n\t\t\t\t\t\t\t<\/div>\n\t\t","protected":false},"excerpt":{"rendered":"<p>M\u00e1m z\u00e1jemPokud m\u00e1te z\u00e1jem o na\u0161e slu\u017eby, tak pros\u00edm vypl\u0148te n\u00e1sleduj\u00edc\u00ed formul\u00e1\u0159 a my se V\u00e1m co nejd\u0159\u00edve ozveme.Chcete-li vyplnit tento formul\u00e1\u0159, pros\u00edm povolte v prohl\u00ed\u017ee\u010di JavaScript.Chcete-li vyplnit tento formul\u00e1\u0159, pros\u00edm povolte v prohl\u00ed\u017ee\u010di JavaScript. Jm\u00e9no * K\u0159estn\u00ed jm\u00e9noP\u0159\u00edjmen\u00ed Va\u0161e telefon\u00ed \u010d\u00edslo * M\u00e1m z\u00e1jem o Pravideln\u00fd \u00faklid Pr\u016fmyslov\u00e9 \u010di\u0161t\u011bn\u00ed Speci\u00e1ln\u00ed pr\u00e1ce a jednor\u00e1zov\u00fd \u00faklid &hellip;<\/p>\n<p class=\"read-more\"> <a class=\"\" href=\"https:\/\/www.cleanart.cz\/index.php\/zajem\/\"> <span class=\"screen-reader-text\">Elementor #414<\/span> Pokra\u010dovat ve \u010dten\u00ed &raquo;<\/a><\/p>\n","protected":false},"author":1,"featured_media":0,"parent":0,"menu_order":0,"comment_status":"closed","ping_status":"closed","template":"","meta":{"site-sidebar-layout":"no-sidebar","site-content-layout":"page-builder","ast-global-header-display":"","ast-banner-title-visibility":"","ast-main-header-display":"","ast-hfb-above-header-display":"","ast-hfb-below-header-display":"","ast-hfb-mobile-header-display":"","site-post-title":"disabled","ast-breadcrumbs-content":"","ast-featured-img":"disabled","footer-sml-layout":"","theme-transparent-header-meta":"","adv-header-id-meta":"","stick-header-meta":"","header-above-stick-meta":"","header-main-stick-meta":"","header-below-stick-meta":"","footnotes":""},"class_list":["post-414","page","type-page","status-publish","hentry"],"_links":{"self":[{"href":"https:\/\/www.cleanart.cz\/index.php\/wp-json\/wp\/v2\/pages\/414","targetHints":{"allow":["GET"]}}],"collection":[{"href":"https:\/\/www.cleanart.cz\/index.php\/wp-json\/wp\/v2\/pages"}],"about":[{"href":"https:\/\/www.cleanart.cz\/index.php\/wp-json\/wp\/v2\/types\/page"}],"author":[{"embeddable":true,"href":"https:\/\/www.cleanart.cz\/index.php\/wp-json\/wp\/v2\/users\/1"}],"replies":[{"embeddable":true,"href":"https:\/\/www.cleanart.cz\/index.php\/wp-json\/wp\/v2\/comments?post=414"}],"version-history":[{"count":17,"href":"https:\/\/www.cleanart.cz\/index.php\/wp-json\/wp\/v2\/pages\/414\/revisions"}],"predecessor-version":[{"id":444,"href":"https:\/\/www.cleanart.cz\/index.php\/wp-json\/wp\/v2\/pages\/414\/revisions\/444"}],"wp:attachment":[{"href":"https:\/\/www.cleanart.cz\/index.php\/wp-json\/wp\/v2\/media?parent=414"}],"curies":[{"name":"wp","href":"https:\/\/api.w.org\/{rel}","templated":true}]}}