{"id":453,"date":"2023-07-22T19:50:42","date_gmt":"2023-07-22T17:50:42","guid":{"rendered":"https:\/\/www.cleanart.cz\/?page_id=453"},"modified":"2023-07-22T20:58:41","modified_gmt":"2023-07-22T18:58:41","slug":"elementor-453","status":"publish","type":"page","link":"https:\/\/www.cleanart.cz\/index.php\/elementor-453\/","title":{"rendered":"N\u00e1\u0161 laser"},"content":{"rendered":"\t\t<div data-elementor-type=\"wp-page\" data-elementor-id=\"453\" class=\"elementor elementor-453\">\n\t\t\t\t\t\t\t<div data-particle_enable=\"false\" data-particle-mobile-disabled=\"false\" class=\"elementor-element elementor-element-f7f8379 e-grid e-con-full e-con\" data-id=\"f7f8379\" data-element_type=\"container\" data-settings=\"{&quot;grid_columns_grid&quot;:{&quot;unit&quot;:&quot;fr&quot;,&quot;size&quot;:&quot;2&quot;,&quot;sizes&quot;:[]},&quot;grid_rows_grid&quot;:{&quot;unit&quot;:&quot;fr&quot;,&quot;size&quot;:&quot;1&quot;,&quot;sizes&quot;:[]},&quot;grid_rows_grid_mobile&quot;:{&quot;unit&quot;:&quot;fr&quot;,&quot;size&quot;:&quot;1&quot;,&quot;sizes&quot;:[]},&quot;content_width&quot;:&quot;full&quot;,&quot;background_background&quot;:&quot;classic&quot;,&quot;grid_outline&quot;:&quot;yes&quot;,&quot;grid_columns_grid_tablet&quot;:{&quot;unit&quot;:&quot;fr&quot;,&quot;size&quot;:&quot;&quot;,&quot;sizes&quot;:[]},&quot;grid_columns_grid_mobile&quot;:{&quot;unit&quot;:&quot;fr&quot;,&quot;size&quot;:1,&quot;sizes&quot;:[]},&quot;grid_rows_grid_tablet&quot;:{&quot;unit&quot;:&quot;fr&quot;,&quot;size&quot;:&quot;&quot;,&quot;sizes&quot;:[]}}\">\n\t\t\t\t<div class=\"elementor-element elementor-element-854ac87 elementor-widget__width-inherit elementor-pagination-position-outside exad-sticky-section-no exad-glass-effect-no elementor-widget elementor-widget-image-carousel\" data-id=\"854ac87\" data-element_type=\"widget\" data-settings=\"{&quot;slides_to_show&quot;:&quot;1&quot;,&quot;navigation&quot;:&quot;dots&quot;,&quot;autoplay&quot;:&quot;yes&quot;,&quot;pause_on_hover&quot;:&quot;yes&quot;,&quot;pause_on_interaction&quot;:&quot;yes&quot;,&quot;autoplay_speed&quot;:5000,&quot;infinite&quot;:&quot;yes&quot;,&quot;effect&quot;:&quot;slide&quot;,&quot;speed&quot;:500}\" data-widget_type=\"image-carousel.default\">\n\t\t\t\t<div class=\"elementor-widget-container\">\n\t\t\t<style>\/*! elementor - v3.13.3 - 22-05-2023 *\/\n.elementor-widget-image-carousel .swiper,.elementor-widget-image-carousel .swiper-container{position:static}.elementor-widget-image-carousel .swiper-container .swiper-slide figure,.elementor-widget-image-carousel .swiper .swiper-slide figure{line-height:inherit}.elementor-widget-image-carousel .swiper-slide{text-align:center}.elementor-image-carousel-wrapper:not(.swiper-container-initialized):not(.swiper-initialized) .swiper-slide{max-width:calc(100% \/ var(--e-image-carousel-slides-to-show, 3))}<\/style>\t\t<div class=\"elementor-image-carousel-wrapper swiper\" dir=\"ltr\">\n\t\t\t<div class=\"elementor-image-carousel swiper-wrapper\">\n\t\t\t\t\t\t\t\t<div class=\"swiper-slide\"><figure class=\"swiper-slide-inner\"><img decoding=\"async\" class=\"swiper-slide-image\" src=\"https:\/\/www.cleanart.cz\/wp-content\/uploads\/2023\/07\/Snimek_obrazovky_2023-07-22_184116-removebg-preview-207x300.png\" alt=\"Sn\u00edmek_obrazovky_2023-07-22_184116-removebg-preview\" \/><\/figure><\/div><div class=\"swiper-slide\"><figure class=\"swiper-slide-inner\"><img decoding=\"async\" class=\"swiper-slide-image\" src=\"https:\/\/www.cleanart.cz\/wp-content\/uploads\/2023\/07\/obrazek_2023-07-22_195029472-200x300.png\" alt=\"obr\u00e1zek_2023-07-22_195029472\" \/><\/figure><\/div><div class=\"swiper-slide\"><figure class=\"swiper-slide-inner\"><img decoding=\"async\" class=\"swiper-slide-image\" src=\"https:\/\/www.cleanart.cz\/wp-content\/uploads\/2023\/07\/obrazek_2023-07-22_195050677-200x300.png\" alt=\"obr\u00e1zek_2023-07-22_195050677\" \/><\/figure><\/div><div class=\"swiper-slide\"><figure class=\"swiper-slide-inner\"><img decoding=\"async\" class=\"swiper-slide-image\" src=\"https:\/\/www.cleanart.cz\/wp-content\/uploads\/2023\/07\/obrazek_2023-07-22_195108527-300x200.png\" alt=\"obr\u00e1zek_2023-07-22_195108527\" \/><\/figure><\/div><div class=\"swiper-slide\"><figure class=\"swiper-slide-inner\"><img decoding=\"async\" class=\"swiper-slide-image\" src=\"https:\/\/www.cleanart.cz\/wp-content\/uploads\/2023\/07\/obrazek_2023-07-22_195124271-300x200.png\" alt=\"obr\u00e1zek_2023-07-22_195124271\" \/><\/figure><\/div><div class=\"swiper-slide\"><figure class=\"swiper-slide-inner\"><img decoding=\"async\" class=\"swiper-slide-image\" src=\"https:\/\/www.cleanart.cz\/wp-content\/uploads\/2023\/07\/obrazek_2023-07-22_195144206-200x300.png\" alt=\"obr\u00e1zek_2023-07-22_195144206\" \/><\/figure><\/div>\t\t\t<\/div>\n\t\t\t\t\t\t\t\t\t\t\t\t<div class=\"swiper-pagination\"><\/div>\n\t\t\t\t\t\t\t\t\t\t\t\t\t<\/div>\n\t\t\t\t<\/div>\n\t\t\t\t<\/div>\n\t\t\t\t<div class=\"elementor-element elementor-element-50c53d6 exad-sticky-section-no exad-glass-effect-no elementor-widget elementor-widget-exad-business-hours\" data-id=\"50c53d6\" data-element_type=\"widget\" data-widget_type=\"exad-business-hours.default\">\n\t\t\t\t<div class=\"elementor-widget-container\">\n\t\t\t\n\t\t<div class=\"exad-businesshours-container\">\n\t\t<h2 class=\"exad-business-hours-heading\">Parametry<\/h2>\t\n\t\t\t\t<div class=\"exad-businesshours-container-inner\">\n\t\t\t\t\n\t\t\t\t\t\t<div class=\"business-date elementor-repeater-item-332327d\">\n\t\t\t\t\t\t\t<span class=\"single-business-date\">Nap\u00e1jen\u00ed<\/span>\n\t\t\t\t\t\t\t<span class=\"single-business-time\">110\/230V, 50\/60Hz<\/span>\n\t\t\t\t\t\t<\/div>\n\t\t\t\t\t\n\t\t\t\t\t\t<div class=\"business-date elementor-repeater-item-268f8d2\">\n\t\t\t\t\t\t\t<span class=\"single-business-date\">V\u00fdkon<\/span>\n\t\t\t\t\t\t\t<span class=\"single-business-time\">500 W<\/span>\n\t\t\t\t\t\t<\/div>\n\t\t\t\t\t\n\t\t\t\t\t\t<div class=\"business-date elementor-repeater-item-ac5e137\">\n\t\t\t\t\t\t\t<span class=\"single-business-date\">\u017divotnost diod\t<\/span>\n\t\t\t\t\t\t\t<span class=\"single-business-time\">v\u00edce ne\u017e 100 000 hodin<\/span>\n\t\t\t\t\t\t<\/div>\n\t\t\t\t\t\n\t\t\t\t\t\t<div class=\"business-date elementor-repeater-item-1fc8d12\">\n\t\t\t\t\t\t\t<span class=\"single-business-date\">D\u00e9lka optick\u00e9ho vl\u00e1kna\t<\/span>\n\t\t\t\t\t\t\t<span class=\"single-business-time\">10 m (a\u017e 100 m pro speci\u00e1ln\u00ed aplikace)<\/span>\n\t\t\t\t\t\t<\/div>\n\t\t\t\t\t\n\t\t\t\t\t\t<div class=\"business-date elementor-repeater-item-75f295e\">\n\t\t\t\t\t\t\t<span class=\"single-business-date\">Rozm\u011bry<\/span>\n\t\t\t\t\t\t\t<span class=\"single-business-time\">1.1 x 1.26 x 0.6 m<\/span>\n\t\t\t\t\t\t<\/div>\n\t\t\t\t\t\n\t\t\t\t\t\t<div class=\"business-date elementor-repeater-item-2ff86cb\">\n\t\t\t\t\t\t\t<span class=\"single-business-date\">Hmotnost<\/span>\n\t\t\t\t\t\t\t<span class=\"single-business-time\">195 kg<\/span>\n\t\t\t\t\t\t<\/div>\n\t\t\t\t\t\n\t\t\t\t\t\t<div class=\"business-date elementor-repeater-item-aa03cde\">\n\t\t\t\t\t\t\t<span class=\"single-business-date\">Hmotnost procesn\u00ed hlavy\t<\/span>\n\t\t\t\t\t\t\t<span class=\"single-business-time\">2,5 kg<\/span>\n\t\t\t\t\t\t<\/div>\n\t\t\t\t\t\n\t\t\t\t\t\t<div class=\"business-date elementor-repeater-item-9d4f1b0\">\n\t\t\t\t\t\t\t<span class=\"single-business-date\">\u0160pi\u010dkov\u00fd v\u00fdkon<\/span>\n\t\t\t\t\t\t\t<span class=\"single-business-time\">2500kW <\/span>\n\t\t\t\t\t\t<\/div>\n\t\t\t\t\t\t\t\t\t<\/div>\n\t\t\t\t\t<\/div>\n\t\t\t<\/div>\n\t\t\t\t<\/div>\n\t\t\t\t<\/div>\n\t\t\t\t<section data-particle_enable=\"false\" data-particle-mobile-disabled=\"false\" data-exad-particle-enable=\"false\" class=\"elementor-section elementor-top-section elementor-element elementor-element-3648e59e elementor-section-boxed elementor-section-height-default elementor-section-height-default exad-parallax-effect-no exad-background-color-change-no exad-glass-effect-no exad-sticky-section-no\" data-id=\"3648e59e\" data-element_type=\"section\">\n\t\t\t\t\t\t<div class=\"elementor-container elementor-column-gap-default\">\n\t\t\t\t\t<div class=\"elementor-column elementor-col-100 elementor-top-column elementor-element elementor-element-498a05b9 exad-glass-effect-no exad-sticky-section-no\" data-id=\"498a05b9\" data-element_type=\"column\" data-settings=\"{&quot;background_background&quot;:&quot;classic&quot;}\">\n\t\t\t<div class=\"elementor-widget-wrap elementor-element-populated\">\n\t\t\t\t\t\t\t\t<div class=\"elementor-element elementor-element-9c0668e exad-sticky-section-no exad-glass-effect-no elementor-widget elementor-widget-heading\" data-id=\"9c0668e\" data-element_type=\"widget\" data-widget_type=\"heading.default\">\n\t\t\t\t<div class=\"elementor-widget-container\">\n\t\t\t<style>\/*! elementor - v3.13.3 - 22-05-2023 *\/\n.elementor-heading-title{padding:0;margin:0;line-height:1}.elementor-widget-heading .elementor-heading-title[class*=elementor-size-]>a{color:inherit;font-size:inherit;line-height:inherit}.elementor-widget-heading .elementor-heading-title.elementor-size-small{font-size:15px}.elementor-widget-heading .elementor-heading-title.elementor-size-medium{font-size:19px}.elementor-widget-heading .elementor-heading-title.elementor-size-large{font-size:29px}.elementor-widget-heading .elementor-heading-title.elementor-size-xl{font-size:39px}.elementor-widget-heading .elementor-heading-title.elementor-size-xxl{font-size:59px}<\/style><h2 class=\"elementor-heading-title elementor-size-default\">V\u00fdhody \u010di\u0161t\u011bn\u00ed laserem oproti jin\u00fdm metod\u00e1m<\/h2>\t\t<\/div>\n\t\t\t\t<\/div>\n\t\t\t\t<div class=\"elementor-element elementor-element-ccb5261 exad-sticky-section-no exad-glass-effect-no elementor-widget elementor-widget-image\" data-id=\"ccb5261\" data-element_type=\"widget\" data-widget_type=\"image.default\">\n\t\t\t\t<div class=\"elementor-widget-container\">\n\t\t\t<style>\/*! elementor - v3.13.3 - 22-05-2023 *\/\n.elementor-widget-image{text-align:center}.elementor-widget-image a{display:inline-block}.elementor-widget-image a img[src$=\".svg\"]{width:48px}.elementor-widget-image img{vertical-align:middle;display:inline-block}<\/style>\t\t\t\t\t\t\t\t\t\t\t\t<img loading=\"lazy\" decoding=\"async\" width=\"1024\" height=\"550\" src=\"https:\/\/www.cleanart.cz\/wp-content\/uploads\/2023\/07\/obrazek_2023-07-22_192136482-1024x550.png\" class=\"attachment-large size-large wp-image-535\" alt=\"\" srcset=\"https:\/\/www.cleanart.cz\/wp-content\/uploads\/2023\/07\/obrazek_2023-07-22_192136482-1024x550.png 1024w, https:\/\/www.cleanart.cz\/wp-content\/uploads\/2023\/07\/obrazek_2023-07-22_192136482-300x161.png 300w, https:\/\/www.cleanart.cz\/wp-content\/uploads\/2023\/07\/obrazek_2023-07-22_192136482-768x413.png 768w, https:\/\/www.cleanart.cz\/wp-content\/uploads\/2023\/07\/obrazek_2023-07-22_192136482.png 1385w\" sizes=\"auto, (max-width: 1024px) 100vw, 1024px\" \/>\t\t\t\t\t\t\t\t\t\t\t\t\t\t\t<\/div>\n\t\t\t\t<\/div>\n\t\t\t\t\t<\/div>\n\t\t<\/div>\n\t\t\t\t\t\t\t<\/div>\n\t\t<\/section>\n\t\t\t\t<section data-particle_enable=\"false\" data-particle-mobile-disabled=\"false\" data-exad-particle-enable=\"false\" class=\"elementor-section elementor-top-section elementor-element elementor-element-61d591c6 elementor-section-boxed elementor-section-height-default elementor-section-height-default exad-parallax-effect-no exad-background-color-change-no exad-glass-effect-no exad-sticky-section-no\" data-id=\"61d591c6\" data-element_type=\"section\">\n\t\t\t\t\t\t<div class=\"elementor-container elementor-column-gap-default\">\n\t\t\t\t\t<div class=\"elementor-column elementor-col-100 elementor-top-column elementor-element elementor-element-5e9d49bc exad-glass-effect-no exad-sticky-section-no\" data-id=\"5e9d49bc\" data-element_type=\"column\">\n\t\t\t<div class=\"elementor-widget-wrap elementor-element-populated\">\n\t\t\t\t\t\t\t\t<div class=\"elementor-element elementor-element-16f69c04 exad-sticky-section-no exad-glass-effect-no elementor-widget elementor-widget-heading\" data-id=\"16f69c04\" data-element_type=\"widget\" data-widget_type=\"heading.default\">\n\t\t\t\t<div class=\"elementor-widget-container\">\n\t\t\t<h2 class=\"elementor-heading-title elementor-size-default\">Popis<\/h2>\t\t<\/div>\n\t\t\t\t<\/div>\n\t\t\t\t<div class=\"elementor-element elementor-element-3b9a5b36 exad-sticky-section-no exad-glass-effect-no elementor-widget elementor-widget-text-editor\" data-id=\"3b9a5b36\" data-element_type=\"widget\" data-widget_type=\"text-editor.default\">\n\t\t\t\t<div class=\"elementor-widget-container\">\n\t\t\t<style>\/*! elementor - v3.13.3 - 22-05-2023 *\/\n.elementor-widget-text-editor.elementor-drop-cap-view-stacked .elementor-drop-cap{background-color:#69727d;color:#fff}.elementor-widget-text-editor.elementor-drop-cap-view-framed .elementor-drop-cap{color:#69727d;border:3px solid;background-color:transparent}.elementor-widget-text-editor:not(.elementor-drop-cap-view-default) .elementor-drop-cap{margin-top:8px}.elementor-widget-text-editor:not(.elementor-drop-cap-view-default) .elementor-drop-cap-letter{width:1em;height:1em}.elementor-widget-text-editor .elementor-drop-cap{float:left;text-align:center;line-height:1;font-size:50px}.elementor-widget-text-editor .elementor-drop-cap-letter{display:inline-block}<\/style>\t\t\t\t<p>ROD Laser je mobiln\u00ed pr\u016fmyslov\u00fd \u010distic\u00ed stroj nov\u00e9 generace, vyvinut\u00fd a postaven\u00fd firmou Narran v \u010cesk\u00e9 republice. Je osazen\u00fd speci\u00e1ln\u00edm vl\u00e1knov\u00fdm rezon\u00e1torem, kter\u00fd umo\u017e\u0148uje \u010di\u0161t\u011bn\u00ed bez po\u0161kozen\u00ed povrchu. ROD Laser je vhoDn\u00fd pro \u010di\u0161t\u011bn\u00ed \u0161irok\u00e9 \u0161k\u00e1ly materi\u00e1l\u016f, typicky kov\u016f (\u010di\u0161t\u011bn\u00ed rzi, mastnoty, n\u00e1nos\u016f barev atd.), ale tak\u00e9 zdiva.<\/p>\t\t\t\t\t\t<\/div>\n\t\t\t\t<\/div>\n\t\t\t\t\t<\/div>\n\t\t<\/div>\n\t\t\t\t\t\t\t<\/div>\n\t\t<\/section>\n\t\t\t\t<section data-particle_enable=\"false\" data-particle-mobile-disabled=\"false\" data-exad-particle-enable=\"false\" class=\"elementor-section elementor-top-section elementor-element elementor-element-522d1a7a elementor-section-boxed elementor-section-height-default elementor-section-height-default exad-parallax-effect-no exad-background-color-change-no exad-glass-effect-no exad-sticky-section-no\" data-id=\"522d1a7a\" data-element_type=\"section\">\n\t\t\t\t\t\t<div class=\"elementor-container elementor-column-gap-default\">\n\t\t\t\t\t<div class=\"elementor-column elementor-col-100 elementor-top-column elementor-element elementor-element-3f320860 exad-glass-effect-no exad-sticky-section-no\" data-id=\"3f320860\" data-element_type=\"column\">\n\t\t\t<div class=\"elementor-widget-wrap elementor-element-populated\">\n\t\t\t\t\t\t\t\t<div class=\"elementor-element elementor-element-3c8d4ee2 exad-sticky-section-no exad-glass-effect-no elementor-widget elementor-widget-heading\" data-id=\"3c8d4ee2\" data-element_type=\"widget\" data-widget_type=\"heading.default\">\n\t\t\t\t<div class=\"elementor-widget-container\">\n\t\t\t<h2 class=\"elementor-heading-title elementor-size-default\">Technick\u00e9 specifikace:\n<\/h2>\t\t<\/div>\n\t\t\t\t<\/div>\n\t\t\t\t<div class=\"elementor-element elementor-element-31e2a00a exad-sticky-section-no exad-glass-effect-no elementor-widget elementor-widget-text-editor\" data-id=\"31e2a00a\" data-element_type=\"widget\" data-widget_type=\"text-editor.default\">\n\t\t\t\t<div class=\"elementor-widget-container\">\n\t\t\t\t\t\t\t<p>Skenovac\u00ed hlava stroje je vhodn\u00e1 pro manu\u00e1ln\u00ed i robotick\u00e9 aplikace, je mo\u017en\u00e9 ji montovat do pr\u016fmyslov\u00fdch linek. Flexibiln\u00ed optick\u00e9 vl\u00e1kno pro veden\u00ed laserov\u00e9ho svazku umo\u017e\u0148uje skute\u010dn\u011b mobiln\u00ed pr\u00e1ci a \u010di\u0161t\u011bn\u00ed i na h\u016f\u0159 dostupn\u00fdch m\u00edstech. Laser vy\u017eaduje b\u011b\u017en\u00e9 nap\u00e1jen\u00ed 230 V, 50\/60 Hz, je proto vyu\u017eiteln\u00fd prakticky kdekoli v ter\u00e9nu. Stroj tvo\u0159\u00ed v podstat\u011b pouze poj\u00edzdn\u00fd voz\u00edk s ukl\u00e1dac\u00edm prostorem pro laserovou hlavu, m\u016f\u017eete ho proto jednodu\u0161e dopravit tam, kde ho pr\u00e1v\u011b pot\u0159ebujete.<\/p><p>Ovl\u00e1d\u00e1n\u00ed laseru je \u0159e\u0161eno p\u0159es pr\u016fmyslov\u00e9 PLC, kter\u00e9 umo\u017e\u0148uje snadn\u00e9 ukl\u00e1d\u00e1n\u00ed \u00faloh do pam\u011bti a jejich op\u011btovn\u00e9 vyvol\u00e1v\u00e1n\u00ed. O optim\u00e1ln\u00ed rozlo\u017een\u00ed energie svazku na povrchu se star\u00e1 software na\u0161\u00ed vlastn\u00ed v\u00fdroby, odlad\u011bn\u00fd p\u0159i mnoha praktick\u00fdch aplikac\u00edch.<\/p><p>\u017divotnost diod v\u00edce ne\u017e 100 000 hodin.<\/p><p>V\u00fdkon, tvar a \u0161\u00ed\u0159ku paprsku lze m\u011bnit, a to i za b\u011bhu laseru.<\/p><p>Laser m\u00e1 integrovan\u00e9 chlazen\u00ed, nen\u00ed pot\u0159eba \u017e\u00e1dn\u00e9 p\u0159\u00eddavn\u00e9 chladic\u00ed za\u0159\u00edzen\u00ed.<\/p>\t\t\t\t\t\t<\/div>\n\t\t\t\t<\/div>\n\t\t\t\t\t<\/div>\n\t\t<\/div>\n\t\t\t\t\t\t\t<\/div>\n\t\t<\/section>\n\t\t\t\t\t\t\t<\/div>\n\t\t","protected":false},"excerpt":{"rendered":"<p>Parametry Nap\u00e1jen\u00ed 110\/230V, 50\/60Hz V\u00fdkon 500 W \u017divotnost diod v\u00edce ne\u017e 100 000 hodin D\u00e9lka optick\u00e9ho vl\u00e1kna 10 m (a\u017e 100 m pro speci\u00e1ln\u00ed aplikace) Rozm\u011bry 1.1 x 1.26 x 0.6 m Hmotnost 195 kg Hmotnost procesn\u00ed hlavy 2,5 kg \u0160pi\u010dkov\u00fd v\u00fdkon 2500kW V\u00fdhody \u010di\u0161t\u011bn\u00ed laserem oproti jin\u00fdm metod\u00e1m Popis ROD Laser je mobiln\u00ed pr\u016fmyslov\u00fd &hellip;<\/p>\n<p class=\"read-more\"> <a class=\"\" href=\"https:\/\/www.cleanart.cz\/index.php\/elementor-453\/\"> <span class=\"screen-reader-text\">N\u00e1\u0161 laser<\/span> Pokra\u010dovat ve \u010dten\u00ed &raquo;<\/a><\/p>\n","protected":false},"author":1,"featured_media":0,"parent":0,"menu_order":0,"comment_status":"closed","ping_status":"closed","template":"elementor_header_footer","meta":{"site-sidebar-layout":"no-sidebar","site-content-layout":"page-builder","ast-global-header-display":"","ast-banner-title-visibility":"","ast-main-header-display":"","ast-hfb-above-header-display":"","ast-hfb-below-header-display":"","ast-hfb-mobile-header-display":"","site-post-title":"disabled","ast-breadcrumbs-content":"","ast-featured-img":"disabled","footer-sml-layout":"","theme-transparent-header-meta":"","adv-header-id-meta":"","stick-header-meta":"","header-above-stick-meta":"","header-main-stick-meta":"","header-below-stick-meta":"","footnotes":""},"class_list":["post-453","page","type-page","status-publish","hentry"],"_links":{"self":[{"href":"https:\/\/www.cleanart.cz\/index.php\/wp-json\/wp\/v2\/pages\/453","targetHints":{"allow":["GET"]}}],"collection":[{"href":"https:\/\/www.cleanart.cz\/index.php\/wp-json\/wp\/v2\/pages"}],"about":[{"href":"https:\/\/www.cleanart.cz\/index.php\/wp-json\/wp\/v2\/types\/page"}],"author":[{"embeddable":true,"href":"https:\/\/www.cleanart.cz\/index.php\/wp-json\/wp\/v2\/users\/1"}],"replies":[{"embeddable":true,"href":"https:\/\/www.cleanart.cz\/index.php\/wp-json\/wp\/v2\/comments?post=453"}],"version-history":[{"count":28,"href":"https:\/\/www.cleanart.cz\/index.php\/wp-json\/wp\/v2\/pages\/453\/revisions"}],"predecessor-version":[{"id":582,"href":"https:\/\/www.cleanart.cz\/index.php\/wp-json\/wp\/v2\/pages\/453\/revisions\/582"}],"wp:attachment":[{"href":"https:\/\/www.cleanart.cz\/index.php\/wp-json\/wp\/v2\/media?parent=453"}],"curies":[{"name":"wp","href":"https:\/\/api.w.org\/{rel}","templated":true}]}}